{"id":2007,"date":"2020-07-06T21:38:53","date_gmt":"2020-07-06T21:38:53","guid":{"rendered":"http:\/\/dlaboral.co\/?page_id=2007"},"modified":"2020-07-09T17:12:21","modified_gmt":"2020-07-09T17:12:21","slug":"areas-de-practica","status":"publish","type":"page","link":"https:\/\/dlaboral.co\/index.php\/areas-de-practica\/","title":{"rendered":"\u00c1reas de Pr\u00e1ctica"},"content":{"rendered":"\n<p><\/p>\n\n\n\n<div class=\"wp-block-columns\">\n<div class=\"wp-block-column\">\n<p><span style=\"font-size: xx-large;\">CONSULTOR\u00cdAS<\/span><\/p>\n<ul>\n<li><p style=\"text-align: justify;\">Contratos laborales.<\/li><\/p>\n<li><p style=\"text-align: justify;\">Cl\u00e1usulas especiales.<\/li><\/p>\n<li><p style=\"text-align: justify;\">Reglamentos internos de trabajo.<\/li><\/p>\n<li><p style=\"text-align: justify;\">C\u00f3digos de conducta.<\/li><\/p>\n<li><p style=\"text-align: justify;\">Planes de beneficios y r\u00e9gimen expatriados, atenci\u00f3n de consultas.<\/li><\/p>\n<li><p style=\"text-align: justify;\">An\u00e1lisis de riesgo legal.<\/li><\/p>\n<li><p style=\"text-align: justify;\">Asesor\u00eda en procesos disciplinarios.<\/li><\/p>\n<li><p style=\"text-align: justify;\">Terminaciones contractuales.<\/li><\/p>\n<li><p style=\"text-align: justify;\">Reclamaciones individuales o de autoridades administrativas del trabajo y autoridades de fiscalizaci\u00f3n de aportes al sistema de protecci\u00f3n social (UGPP-ICBF-SENA-CCF).<\/li><\/p>\n<li><p style=\"text-align: justify;\">Liquidaci\u00f3n de indemnizaciones por rescisi\u00f3n contractual y derivadas de ATEP.<\/li><\/p>\n<li><p style=\"text-align: justify;\">Presentaci\u00f3n y preparaci\u00f3n de informes para juntas directivas y comit\u00e9s de junta (auditor\u00eda, nombramientos y retribuciones).<\/li><\/p>\n<li><p style=\"text-align: justify;\">D<em>ue diligence<\/em> en materia laboral (auditor\u00edas laborales, sustituciones patronales).<\/li><\/p>\n<li><p style=\"text-align: justify;\">Consultor\u00eda en temas de negociaci\u00f3n colectiva, an\u00e1lisis de proyectos de normatividad y capacitaciones en RRLL.<\/li><\/p>\n<\/ul>\n<\/div>\n\n\n\n<div class=\"wp-block-column\">\n<p><span style=\"font-size: xx-large;\">LITIGIOS<\/span><\/p>\n<ul>\n<li><p style=\"text-align: justify;\">Atenci\u00f3n de reclamaciones y negociaciones extrajudiciales.<\/li><\/p>\n<li><p style=\"text-align: justify;\">Representaci\u00f3n judicial de empleadores y administradores del sistema de seguridad social ante jurisdicci\u00f3n del trabajo en instancia para asuntos de derecho laboral individual, colectivo y seguridad social.<\/li><\/p>\n<li><p style=\"text-align: justify;\">Casaci\u00f3n Laboral, representaci\u00f3n de empleadores ante la Corte Suprema de Justicia.<\/li><\/p>\n<\/ul>\n<\/div>\n<\/div>\n","protected":false},"excerpt":{"rendered":"<p>CONSULTOR\u00cdAS Contratos laborales. Cl\u00e1usulas especiales. Reglamentos internos de trabajo. C\u00f3digos de conducta. Planes de beneficios y r\u00e9gimen expatriados, atenci\u00f3n de consultas. An\u00e1lisis de riesgo legal. Asesor\u00eda en procesos disciplinarios. Terminaciones contractuales. Reclamaciones individuales o de autoridades administrativas del trabajo y autoridades de fiscalizaci\u00f3n de aportes al sistema de protecci\u00f3n social (UGPP-ICBF-SENA-CCF). Liquidaci\u00f3n de indemnizaciones por<\/p>\n<div><a class=\"btn-filled btn\" href=\"https:\/\/dlaboral.co\/index.php\/areas-de-practica\/\" title=\"\u00c1reas de Pr\u00e1ctica\">Read More<\/a><\/div>\n","protected":false},"author":1,"featured_media":2137,"parent":0,"menu_order":0,"comment_status":"closed","ping_status":"closed","template":"","meta":{"spay_email":""},"yoast_head":"<!-- This site is optimized with the Yoast SEO plugin v18.3 - https:\/\/yoast.com\/wordpress\/plugins\/seo\/ -->\n<title>\u00c1reas de Pr\u00e1ctica - DLaboral<\/title>\n<meta name=\"robots\" content=\"index, follow, max-snippet:-1, max-image-preview:large, max-video-preview:-1\" \/>\n<link rel=\"canonical\" href=\"https:\/\/dlaboral.co\/index.php\/areas-de-practica\/\" \/>\n<meta property=\"og:locale\" content=\"es_ES\" \/>\n<meta property=\"og:type\" content=\"article\" \/>\n<meta property=\"og:title\" content=\"\u00c1reas de Pr\u00e1ctica - DLaboral\" \/>\n<meta property=\"og:description\" content=\"CONSULTOR\u00cdAS Contratos laborales. Cl\u00e1usulas especiales. Reglamentos internos de trabajo. C\u00f3digos de conducta. Planes de beneficios y r\u00e9gimen expatriados, atenci\u00f3n de consultas. An\u00e1lisis de riesgo legal. Asesor\u00eda en procesos disciplinarios. Terminaciones contractuales. Reclamaciones individuales o de autoridades administrativas del trabajo y autoridades de fiscalizaci\u00f3n de aportes al sistema de protecci\u00f3n social (UGPP-ICBF-SENA-CCF). Liquidaci\u00f3n de indemnizaciones porRead More\" \/>\n<meta property=\"og:url\" content=\"https:\/\/dlaboral.co\/index.php\/areas-de-practica\/\" \/>\n<meta property=\"og:site_name\" content=\"DLaboral\" \/>\n<meta property=\"article:modified_time\" content=\"2020-07-09T17:12:21+00:00\" \/>\n<meta property=\"og:image\" content=\"https:\/\/dlaboral.co\/wp-content\/uploads\/2020\/07\/Contratos-scaled.jpg\" \/>\n\t<meta property=\"og:image:width\" content=\"2560\" \/>\n\t<meta property=\"og:image:height\" content=\"1470\" \/>\n\t<meta property=\"og:image:type\" content=\"image\/jpeg\" \/>\n<meta name=\"twitter:card\" content=\"summary_large_image\" \/>\n<meta name=\"twitter:label1\" content=\"Tiempo estimado de lectura\" \/>\n\t<meta name=\"twitter:data1\" content=\"1 minuto\" \/>\n<script type=\"application\/ld+json\" class=\"yoast-schema-graph\">{\"@context\":\"https:\/\/schema.org\",\"@graph\":[{\"@type\":\"Organization\",\"@id\":\"https:\/\/dlaboral.co\/#organization\",\"name\":\"DLaboral\",\"url\":\"https:\/\/dlaboral.co\/\",\"sameAs\":[],\"logo\":{\"@type\":\"ImageObject\",\"@id\":\"https:\/\/dlaboral.co\/#logo\",\"inLanguage\":\"es-CO\",\"url\":\"https:\/\/dlaboral.co\/wp-content\/uploads\/2020\/06\/Logo.png\",\"contentUrl\":\"https:\/\/dlaboral.co\/wp-content\/uploads\/2020\/06\/Logo.png\",\"width\":201,\"height\":73,\"caption\":\"DLaboral\"},\"image\":{\"@id\":\"https:\/\/dlaboral.co\/#logo\"}},{\"@type\":\"WebSite\",\"@id\":\"https:\/\/dlaboral.co\/#website\",\"url\":\"https:\/\/dlaboral.co\/\",\"name\":\"DLaboral\",\"description\":\"Abogados Laborales\",\"publisher\":{\"@id\":\"https:\/\/dlaboral.co\/#organization\"},\"potentialAction\":[{\"@type\":\"SearchAction\",\"target\":{\"@type\":\"EntryPoint\",\"urlTemplate\":\"https:\/\/dlaboral.co\/?s={search_term_string}\"},\"query-input\":\"required name=search_term_string\"}],\"inLanguage\":\"es-CO\"},{\"@type\":\"ImageObject\",\"@id\":\"https:\/\/dlaboral.co\/index.php\/areas-de-practica\/#primaryimage\",\"inLanguage\":\"es-CO\",\"url\":\"https:\/\/dlaboral.co\/wp-content\/uploads\/2020\/07\/Contratos-scaled.jpg\",\"contentUrl\":\"https:\/\/dlaboral.co\/wp-content\/uploads\/2020\/07\/Contratos-scaled.jpg\",\"width\":2560,\"height\":1470},{\"@type\":\"WebPage\",\"@id\":\"https:\/\/dlaboral.co\/index.php\/areas-de-practica\/#webpage\",\"url\":\"https:\/\/dlaboral.co\/index.php\/areas-de-practica\/\",\"name\":\"\u00c1reas de Pr\u00e1ctica - DLaboral\",\"isPartOf\":{\"@id\":\"https:\/\/dlaboral.co\/#website\"},\"primaryImageOfPage\":{\"@id\":\"https:\/\/dlaboral.co\/index.php\/areas-de-practica\/#primaryimage\"},\"datePublished\":\"2020-07-06T21:38:53+00:00\",\"dateModified\":\"2020-07-09T17:12:21+00:00\",\"breadcrumb\":{\"@id\":\"https:\/\/dlaboral.co\/index.php\/areas-de-practica\/#breadcrumb\"},\"inLanguage\":\"es-CO\",\"potentialAction\":[{\"@type\":\"ReadAction\",\"target\":[\"https:\/\/dlaboral.co\/index.php\/areas-de-practica\/\"]}]},{\"@type\":\"BreadcrumbList\",\"@id\":\"https:\/\/dlaboral.co\/index.php\/areas-de-practica\/#breadcrumb\",\"itemListElement\":[{\"@type\":\"ListItem\",\"position\":1,\"name\":\"Home\",\"item\":\"https:\/\/dlaboral.co\/\"},{\"@type\":\"ListItem\",\"position\":2,\"name\":\"\u00c1reas de Pr\u00e1ctica\"}]}]}<\/script>\n<!-- \/ Yoast SEO plugin. -->","yoast_head_json":{"title":"\u00c1reas de Pr\u00e1ctica - DLaboral","robots":{"index":"index","follow":"follow","max-snippet":"max-snippet:-1","max-image-preview":"max-image-preview:large","max-video-preview":"max-video-preview:-1"},"canonical":"https:\/\/dlaboral.co\/index.php\/areas-de-practica\/","og_locale":"es_ES","og_type":"article","og_title":"\u00c1reas de Pr\u00e1ctica - DLaboral","og_description":"CONSULTOR\u00cdAS Contratos laborales. Cl\u00e1usulas especiales. Reglamentos internos de trabajo. C\u00f3digos de conducta. Planes de beneficios y r\u00e9gimen expatriados, atenci\u00f3n de consultas. An\u00e1lisis de riesgo legal. Asesor\u00eda en procesos disciplinarios. Terminaciones contractuales. Reclamaciones individuales o de autoridades administrativas del trabajo y autoridades de fiscalizaci\u00f3n de aportes al sistema de protecci\u00f3n social (UGPP-ICBF-SENA-CCF). Liquidaci\u00f3n de indemnizaciones porRead More","og_url":"https:\/\/dlaboral.co\/index.php\/areas-de-practica\/","og_site_name":"DLaboral","article_modified_time":"2020-07-09T17:12:21+00:00","og_image":[{"width":2560,"height":1470,"url":"https:\/\/dlaboral.co\/wp-content\/uploads\/2020\/07\/Contratos-scaled.jpg","type":"image\/jpeg"}],"twitter_card":"summary_large_image","twitter_misc":{"Tiempo estimado de lectura":"1 minuto"},"schema":{"@context":"https:\/\/schema.org","@graph":[{"@type":"Organization","@id":"https:\/\/dlaboral.co\/#organization","name":"DLaboral","url":"https:\/\/dlaboral.co\/","sameAs":[],"logo":{"@type":"ImageObject","@id":"https:\/\/dlaboral.co\/#logo","inLanguage":"es-CO","url":"https:\/\/dlaboral.co\/wp-content\/uploads\/2020\/06\/Logo.png","contentUrl":"https:\/\/dlaboral.co\/wp-content\/uploads\/2020\/06\/Logo.png","width":201,"height":73,"caption":"DLaboral"},"image":{"@id":"https:\/\/dlaboral.co\/#logo"}},{"@type":"WebSite","@id":"https:\/\/dlaboral.co\/#website","url":"https:\/\/dlaboral.co\/","name":"DLaboral","description":"Abogados Laborales","publisher":{"@id":"https:\/\/dlaboral.co\/#organization"},"potentialAction":[{"@type":"SearchAction","target":{"@type":"EntryPoint","urlTemplate":"https:\/\/dlaboral.co\/?s={search_term_string}"},"query-input":"required name=search_term_string"}],"inLanguage":"es-CO"},{"@type":"ImageObject","@id":"https:\/\/dlaboral.co\/index.php\/areas-de-practica\/#primaryimage","inLanguage":"es-CO","url":"https:\/\/dlaboral.co\/wp-content\/uploads\/2020\/07\/Contratos-scaled.jpg","contentUrl":"https:\/\/dlaboral.co\/wp-content\/uploads\/2020\/07\/Contratos-scaled.jpg","width":2560,"height":1470},{"@type":"WebPage","@id":"https:\/\/dlaboral.co\/index.php\/areas-de-practica\/#webpage","url":"https:\/\/dlaboral.co\/index.php\/areas-de-practica\/","name":"\u00c1reas de Pr\u00e1ctica - DLaboral","isPartOf":{"@id":"https:\/\/dlaboral.co\/#website"},"primaryImageOfPage":{"@id":"https:\/\/dlaboral.co\/index.php\/areas-de-practica\/#primaryimage"},"datePublished":"2020-07-06T21:38:53+00:00","dateModified":"2020-07-09T17:12:21+00:00","breadcrumb":{"@id":"https:\/\/dlaboral.co\/index.php\/areas-de-practica\/#breadcrumb"},"inLanguage":"es-CO","potentialAction":[{"@type":"ReadAction","target":["https:\/\/dlaboral.co\/index.php\/areas-de-practica\/"]}]},{"@type":"BreadcrumbList","@id":"https:\/\/dlaboral.co\/index.php\/areas-de-practica\/#breadcrumb","itemListElement":[{"@type":"ListItem","position":1,"name":"Home","item":"https:\/\/dlaboral.co\/"},{"@type":"ListItem","position":2,"name":"\u00c1reas de Pr\u00e1ctica"}]}]}},"_links":{"self":[{"href":"https:\/\/dlaboral.co\/index.php\/wp-json\/wp\/v2\/pages\/2007"}],"collection":[{"href":"https:\/\/dlaboral.co\/index.php\/wp-json\/wp\/v2\/pages"}],"about":[{"href":"https:\/\/dlaboral.co\/index.php\/wp-json\/wp\/v2\/types\/page"}],"author":[{"embeddable":true,"href":"https:\/\/dlaboral.co\/index.php\/wp-json\/wp\/v2\/users\/1"}],"replies":[{"embeddable":true,"href":"https:\/\/dlaboral.co\/index.php\/wp-json\/wp\/v2\/comments?post=2007"}],"version-history":[{"count":5,"href":"https:\/\/dlaboral.co\/index.php\/wp-json\/wp\/v2\/pages\/2007\/revisions"}],"predecessor-version":[{"id":2099,"href":"https:\/\/dlaboral.co\/index.php\/wp-json\/wp\/v2\/pages\/2007\/revisions\/2099"}],"wp:featuredmedia":[{"embeddable":true,"href":"https:\/\/dlaboral.co\/index.php\/wp-json\/wp\/v2\/media\/2137"}],"wp:attachment":[{"href":"https:\/\/dlaboral.co\/index.php\/wp-json\/wp\/v2\/media?parent=2007"}],"curies":[{"name":"wp","href":"https:\/\/api.w.org\/{rel}","templated":true}]}}